{"id":1722,"date":"2022-08-29T15:11:29","date_gmt":"2022-08-29T13:11:29","guid":{"rendered":"http:\/\/bernardgout.fr\/?page_id=1722"},"modified":"2025-05-18T15:14:08","modified_gmt":"2025-05-18T13:14:08","slug":"trompe-loeil-sur-facades-murs-et-panneaux","status":"publish","type":"page","link":"https:\/\/bernardgout.fr\/index.php\/trompe-loeil-sur-facades-murs-et-panneaux\/","title":{"rendered":"trompe l&#8217;oeil"},"content":{"rendered":"<p>[et_pb_section fb_built=&#8221;1&#8243; fullwidth=&#8221;on&#8221; _builder_version=&#8221;4.18.0&#8243; _module_preset=&#8221;default&#8221; global_colors_info=&#8221;{}&#8221;][et_pb_fullwidth_header title=&#8221;Trompe l&#8217;oeil&#8221; subhead=&#8221;Dans le d\u00e9partement des pyr\u00e9n\u00e9es Orientales sur les murs des villages de Bompas, Maury, Perpignan,Prats de Mollo, Sainte Marie la mer , Saint Cyprien, Saint Laurent de la Salanque.etc..&#8221; text_orientation=&#8221;center&#8221; header_fullscreen=&#8221;on&#8221; header_scroll_down=&#8221;on&#8221; scroll_down_icon=&#8221;%%7%%&#8221; button_one_text=&#8221;oeuvres disponibles&#8221; button_one_url=&#8221;https:\/\/bernardgout.fr\/index.php\/oeuvres-a-la-vente\/&#8221; button_two_text=&#8221;Peintures murales&#8221; button_two_url=&#8221;https:\/\/bernardgout.fr\/index.php\/peintures-murales-2\/&#8221; _builder_version=&#8221;4.17.4&#8243; _module_preset=&#8221;default&#8221; title_font=&#8221;|700|||||||&#8221; title_text_align=&#8221;center&#8221; title_font_size=&#8221;76px&#8221; subhead_text_align=&#8221;center&#8221; subhead_font_size=&#8221;25px&#8221; background_color=&#8221;#000000&#8243; background_image=&#8221;https:\/\/bernardgout.fr\/wp-content\/uploads\/2022\/08\/IMG_3850-scaled-1.jpg&#8221; custom_button_one=&#8221;on&#8221; title_text_shadow_style=&#8221;preset1&#8243; subhead_text_shadow_style=&#8221;preset1&#8243; box_shadow_style=&#8221;preset1&#8243; text_shadow_style=&#8221;preset1&#8243; global_colors_info=&#8221;{}&#8221;][\/et_pb_fullwidth_header][\/et_pb_section][et_pb_section fb_built=&#8221;1&#8243; admin_label=&#8221;Gallery Section&#8221; _builder_version=&#8221;4.18.0&#8243; custom_margin=&#8221;||||false|false&#8221; custom_padding=&#8221;||||false|false&#8221; global_colors_info=&#8221;{}&#8221;][et_pb_row column_structure=&#8221;1_3,1_3,1_3&#8243; use_custom_gutter=&#8221;on&#8221; admin_label=&#8221;Gallery Area&#8221; _builder_version=&#8221;4.18.0&#8243; background_enable_color=&#8221;off&#8221; custom_padding=&#8221;0px|0px|27px|0px&#8221; global_colors_info=&#8221;{}&#8221;][et_pb_column type=&#8221;1_3&#8243; _builder_version=&#8221;4.16&#8243; custom_padding=&#8221;|||&#8221; global_colors_info=&#8221;{}&#8221; custom_padding__hover=&#8221;|||&#8221;][et_pb_image src=&#8221;https:\/\/bernardgout.fr\/wp-content\/uploads\/2022\/08\/img014.jpg&#8221; title_text=&#8221;Maury le caf\u00e9&#8221; show_in_lightbox=&#8221;on&#8221; use_overlay=&#8221;on&#8221; overlay_icon_color=&#8221;#E02B20&#8243; hover_overlay_color=&#8221;RGBA(255,255,255,0)&#8221; hover_icon=&#8221;&#x54;||divi||400&#8243; force_fullwidth=&#8221;on&#8221; align_tablet=&#8221;center&#8221; align_phone=&#8221;center&#8221; align_last_edited=&#8221;on|desktop&#8221; _builder_version=&#8221;4.18.0&#8243; custom_margin=&#8221;|||&#8221; custom_padding=&#8221;||11%|&#8221; animation_style=&#8221;fade&#8221; box_shadow_style=&#8221;preset1&#8243; box_shadow_color=&#8221;#000000&#8243; global_colors_info=&#8221;{}&#8221;][\/et_pb_image][et_pb_image src=&#8221;https:\/\/bernardgout.fr\/wp-content\/uploads\/2022\/08\/IMG_2391-scaled-1.jpg&#8221; title_text=&#8221;la treille Sainte Marie&#8221; show_in_lightbox=&#8221;on&#8221; use_overlay=&#8221;on&#8221; overlay_icon_color=&#8221;#E02B20&#8243; hover_overlay_color=&#8221;RGBA(255,255,255,0)&#8221; hover_icon=&#8221;&#x54;||divi||400&#8243; force_fullwidth=&#8221;on&#8221; align_tablet=&#8221;center&#8221; align_phone=&#8221;center&#8221; align_last_edited=&#8221;on|desktop&#8221; _builder_version=&#8221;4.18.0&#8243; custom_margin=&#8221;|||&#8221; custom_padding=&#8221;||15px|&#8221; animation_style=&#8221;fade&#8221; box_shadow_style=&#8221;preset1&#8243; global_colors_info=&#8221;{}&#8221;][\/et_pb_image][et_pb_image src=&#8221;https:\/\/bernardgout.fr\/wp-content\/uploads\/2022\/08\/IMG_3468-scaled-1.jpg&#8221; title_text=&#8221;fontaine Maury&#8221; show_in_lightbox=&#8221;on&#8221; use_overlay=&#8221;on&#8221; overlay_icon_color=&#8221;#E02B20&#8243; hover_overlay_color=&#8221;RGBA(255,255,255,0)&#8221; hover_icon=&#8221;&#x54;||divi||400&#8243; force_fullwidth=&#8221;on&#8221; align_tablet=&#8221;center&#8221; align_phone=&#8221;center&#8221; align_last_edited=&#8221;on|desktop&#8221; _builder_version=&#8221;4.18.0&#8243; custom_margin=&#8221;|||&#8221; custom_padding=&#8221;||11%|&#8221; animation_style=&#8221;fade&#8221; box_shadow_style=&#8221;preset1&#8243; global_colors_info=&#8221;{}&#8221;][\/et_pb_image][et_pb_image src=&#8221;https:\/\/bernardgout.fr\/wp-content\/uploads\/2022\/08\/IMG_2183-scaled-1.jpg&#8221; title_text=&#8221;fontaine&#8221; show_in_lightbox=&#8221;on&#8221; use_overlay=&#8221;on&#8221; overlay_icon_color=&#8221;#E02B20&#8243; hover_overlay_color=&#8221;RGBA(255,255,255,0)&#8221; hover_icon=&#8221;&#x54;||divi||400&#8243; _builder_version=&#8221;4.17.4&#8243; _module_preset=&#8221;default&#8221; box_shadow_style=&#8221;preset1&#8243; global_colors_info=&#8221;{}&#8221;][\/et_pb_image][et_pb_image src=&#8221;https:\/\/bernardgout.fr\/wp-content\/uploads\/2025\/05\/IMG_3825-scaled.jpg&#8221; title_text=&#8221;Lavoir de Sainte Marie 66470&#8243; show_in_lightbox=&#8221;on&#8221; use_overlay=&#8221;on&#8221; overlay_icon_color=&#8221;#E02B20&#8243; hover_overlay_color=&#8221;RGBA(255,255,255,0)&#8221; hover_icon=&#8221;&#x54;||divi||400&#8243; _builder_version=&#8221;4.17.4&#8243; _module_preset=&#8221;default&#8221; hover_enabled=&#8221;0&#8243; box_shadow_style=&#8221;preset1&#8243; global_colors_info=&#8221;{}&#8221; sticky_enabled=&#8221;0&#8243;][\/et_pb_image][et_pb_image src=&#8221;https:\/\/bernardgout.fr\/wp-content\/uploads\/2025\/05\/IMG_20221208_104720_edit_560654301010804-scaled.jpg&#8221; title_text=&#8221;Lavoir de Sainte Marie 66470&#8243; show_in_lightbox=&#8221;on&#8221; use_overlay=&#8221;on&#8221; overlay_icon_color=&#8221;#E02B20&#8243; hover_overlay_color=&#8221;RGBA(255,255,255,0)&#8221; hover_icon=&#8221;&#x54;||divi||400&#8243; _builder_version=&#8221;4.17.4&#8243; _module_preset=&#8221;default&#8221; hover_enabled=&#8221;0&#8243; box_shadow_style=&#8221;preset1&#8243; global_colors_info=&#8221;{}&#8221; sticky_enabled=&#8221;0&#8243;][\/et_pb_image][\/et_pb_column][et_pb_column type=&#8221;1_3&#8243; _builder_version=&#8221;4.16&#8243; custom_padding=&#8221;|||&#8221; global_colors_info=&#8221;{}&#8221; custom_padding__hover=&#8221;|||&#8221;][et_pb_image src=&#8221;https:\/\/bernardgout.fr\/wp-content\/uploads\/2022\/08\/img017.jpg&#8221; alt=&#8221;patte d&#8217;oie Perpignan&#8221; title_text=&#8221;patte d&#8217;oie Perpignan&#8221; show_in_lightbox=&#8221;on&#8221; use_overlay=&#8221;on&#8221; overlay_icon_color=&#8221;#E02B20&#8243; hover_overlay_color=&#8221;RGBA(255,255,255,0)&#8221; hover_icon=&#8221;&#x54;||divi||400&#8243; force_fullwidth=&#8221;on&#8221; align_tablet=&#8221;center&#8221; align_phone=&#8221;center&#8221; align_last_edited=&#8221;on|desktop&#8221; _builder_version=&#8221;4.18.0&#8243; custom_margin=&#8221;|||&#8221; custom_padding=&#8221;||11%|&#8221; animation_style=&#8221;fade&#8221; box_shadow_style=&#8221;preset1&#8243; box_shadow_color=&#8221;#000000&#8243; global_colors_info=&#8221;{}&#8221;][\/et_pb_image][et_pb_image src=&#8221;https:\/\/bernardgout.fr\/wp-content\/uploads\/2022\/08\/CIMG0135-scaled-1.jpg&#8221; title_text=&#8221;Prats de Mollo ( la f\u00eate l&#8217;ours)&#8221; show_in_lightbox=&#8221;on&#8221; use_overlay=&#8221;on&#8221; overlay_icon_color=&#8221;#E02B20&#8243; hover_overlay_color=&#8221;RGBA(255,255,255,0)&#8221; hover_icon=&#8221;&#x54;||divi||400&#8243; force_fullwidth=&#8221;on&#8221; align_tablet=&#8221;center&#8221; align_phone=&#8221;center&#8221; align_last_edited=&#8221;on|desktop&#8221; _builder_version=&#8221;4.18.0&#8243; custom_margin=&#8221;|||&#8221; custom_padding=&#8221;||11%|&#8221; animation_style=&#8221;fade&#8221; box_shadow_style=&#8221;preset1&#8243; global_colors_info=&#8221;{}&#8221;][\/et_pb_image][et_pb_image src=&#8221;https:\/\/bernardgout.fr\/wp-content\/uploads\/2022\/08\/IMG_2383-scaled-1.jpg&#8221; title_text=&#8221;Sainte Marie&#8221; show_in_lightbox=&#8221;on&#8221; use_overlay=&#8221;on&#8221; overlay_icon_color=&#8221;#E02B20&#8243; hover_overlay_color=&#8221;RGBA(255,255,255,0)&#8221; hover_icon=&#8221;&#x54;||divi||400&#8243; force_fullwidth=&#8221;on&#8221; align_tablet=&#8221;center&#8221; align_phone=&#8221;center&#8221; align_last_edited=&#8221;on|desktop&#8221; _builder_version=&#8221;4.18.0&#8243; custom_margin=&#8221;|||&#8221; custom_padding=&#8221;||11%|&#8221; animation_style=&#8221;fade&#8221; box_shadow_style=&#8221;preset1&#8243; global_colors_info=&#8221;{}&#8221;][\/et_pb_image][et_pb_image src=&#8221;https:\/\/bernardgout.fr\/wp-content\/uploads\/2022\/08\/IMG_20201021_150412-1-scaled-1.jpg&#8221; title_text=&#8221;Hotel des postes St Paul de Fenouill\u00e8des&#8221; show_in_lightbox=&#8221;on&#8221; use_overlay=&#8221;on&#8221; overlay_icon_color=&#8221;#E02B20&#8243; hover_overlay_color=&#8221;RGBA(255,255,255,0)&#8221; hover_icon=&#8221;&#x54;||divi||400&#8243; _builder_version=&#8221;4.18.0&#8243; _module_preset=&#8221;default&#8221; box_shadow_style=&#8221;preset1&#8243; global_colors_info=&#8221;{}&#8221;][\/et_pb_image][et_pb_image src=&#8221;https:\/\/bernardgout.fr\/wp-content\/uploads\/2022\/08\/IMG_9822-1-scaled-1.jpg&#8221; title_text=&#8221;Mar\u00e9chalerie Claira&#8221; show_in_lightbox=&#8221;on&#8221; use_overlay=&#8221;on&#8221; overlay_icon_color=&#8221;#E02B20&#8243; hover_overlay_color=&#8221;RGBA(255,255,255,0)&#8221; hover_icon=&#8221;&#x54;||divi||400&#8243; _builder_version=&#8221;4.18.0&#8243; _module_preset=&#8221;default&#8221; box_shadow_style=&#8221;preset1&#8243; global_colors_info=&#8221;{}&#8221;][\/et_pb_image][et_pb_image src=&#8221;https:\/\/bernardgout.fr\/wp-content\/uploads\/2025\/05\/IMG_3822-scaled.jpg&#8221; title_text=&#8221;Lavoir de Sainte Marie 66470&#8243; show_in_lightbox=&#8221;on&#8221; use_overlay=&#8221;on&#8221; overlay_icon_color=&#8221;#E02B20&#8243; hover_overlay_color=&#8221;RGBA(255,255,255,0)&#8221; hover_icon=&#8221;&#x54;||divi||400&#8243; _builder_version=&#8221;4.17.4&#8243; _module_preset=&#8221;default&#8221; hover_enabled=&#8221;0&#8243; box_shadow_style=&#8221;preset1&#8243; global_colors_info=&#8221;{}&#8221; sticky_enabled=&#8221;0&#8243;][\/et_pb_image][\/et_pb_column][et_pb_column type=&#8221;1_3&#8243; _builder_version=&#8221;4.16&#8243; custom_padding=&#8221;|||&#8221; global_colors_info=&#8221;{}&#8221; custom_padding__hover=&#8221;|||&#8221;][et_pb_image src=&#8221;https:\/\/bernardgout.fr\/wp-content\/uploads\/2022\/08\/IMG_0248.JPG.jpg&#8221; alt=&#8221;la fleuriste Maury&#8221; title_text=&#8221;la fleuriste Maury&#8221; show_in_lightbox=&#8221;on&#8221; use_overlay=&#8221;on&#8221; overlay_icon_color=&#8221;#E02B20&#8243; hover_overlay_color=&#8221;RGBA(255,255,255,0)&#8221; hover_icon=&#8221;&#x54;||divi||400&#8243; force_fullwidth=&#8221;on&#8221; align_tablet=&#8221;center&#8221; align_phone=&#8221;center&#8221; align_last_edited=&#8221;on|desktop&#8221; _builder_version=&#8221;4.18.0&#8243; custom_margin=&#8221;|||&#8221; custom_padding=&#8221;||11%|&#8221; animation_style=&#8221;fade&#8221; box_shadow_style=&#8221;preset1&#8243; global_colors_info=&#8221;{}&#8221;][\/et_pb_image][et_pb_image src=&#8221;https:\/\/bernardgout.fr\/wp-content\/uploads\/2022\/08\/IMG_9657-scaled-1.jpg&#8221; title_text=&#8221;la gare Maury&#8221; show_in_lightbox=&#8221;on&#8221; use_overlay=&#8221;on&#8221; overlay_icon_color=&#8221;#E02B20&#8243; hover_overlay_color=&#8221;RGBA(255,255,255,0)&#8221; hover_icon=&#8221;&#x54;||divi||400&#8243; force_fullwidth=&#8221;on&#8221; align_tablet=&#8221;center&#8221; align_phone=&#8221;center&#8221; align_last_edited=&#8221;on|desktop&#8221; _builder_version=&#8221;4.18.0&#8243; custom_margin=&#8221;|||&#8221; custom_padding=&#8221;||11%|&#8221; animation_style=&#8221;fade&#8221; box_shadow_style=&#8221;preset1&#8243; global_colors_info=&#8221;{}&#8221;][\/et_pb_image][et_pb_image src=&#8221;https:\/\/bernardgout.fr\/wp-content\/uploads\/2022\/08\/CIMG0010.jpg&#8221; title_text=&#8221;fen\u00eatre Saint Cuprien&#8221; show_in_lightbox=&#8221;on&#8221; use_overlay=&#8221;on&#8221; overlay_icon_color=&#8221;#E02B20&#8243; hover_overlay_color=&#8221;RGBA(255,255,255,0)&#8221; hover_icon=&#8221;&#x54;||divi||400&#8243; force_fullwidth=&#8221;on&#8221; align_tablet=&#8221;center&#8221; align_phone=&#8221;center&#8221; align_last_edited=&#8221;on|desktop&#8221; _builder_version=&#8221;4.18.0&#8243; custom_margin=&#8221;|||&#8221; custom_padding=&#8221;||11%|&#8221; animation_style=&#8221;fade&#8221; box_shadow_style=&#8221;preset1&#8243; global_colors_info=&#8221;{}&#8221;][\/et_pb_image][et_pb_image src=&#8221;https:\/\/bernardgout.fr\/wp-content\/uploads\/2022\/08\/IMG_2252-scaled-1.jpg&#8221; title_text=&#8221;le moulin St Arnac&#8221; show_in_lightbox=&#8221;on&#8221; use_overlay=&#8221;on&#8221; overlay_icon_color=&#8221;#E02B20&#8243; hover_overlay_color=&#8221;RGBA(255,255,255,0)&#8221; hover_icon=&#8221;&#x54;||divi||400&#8243; _builder_version=&#8221;4.18.0&#8243; _module_preset=&#8221;default&#8221; box_shadow_style=&#8221;preset1&#8243; global_colors_info=&#8221;{}&#8221;][\/et_pb_image][et_pb_image src=&#8221;https:\/\/bernardgout.fr\/wp-content\/uploads\/2022\/08\/EDAP0753.jpeg&#8221; title_text=&#8221;le moulin St Arnac&#8221; show_in_lightbox=&#8221;on&#8221; use_overlay=&#8221;on&#8221; overlay_icon_color=&#8221;#E02B20&#8243; hover_overlay_color=&#8221;RGBA(255,255,255,0)&#8221; hover_icon=&#8221;&#x54;||divi||400&#8243; _builder_version=&#8221;4.18.0&#8243; _module_preset=&#8221;default&#8221; box_shadow_style=&#8221;preset1&#8243; global_colors_info=&#8221;{}&#8221;][\/et_pb_image][\/et_pb_column][\/et_pb_row][et_pb_row _builder_version=&#8221;4.16&#8243; global_colors_info=&#8221;{}&#8221;][et_pb_column type=&#8221;4_4&#8243; _builder_version=&#8221;4.16&#8243; custom_padding=&#8221;|||&#8221; global_colors_info=&#8221;{}&#8221; custom_padding__hover=&#8221;|||&#8221;][et_pb_social_media_follow _builder_version=&#8221;4.18.0&#8243; text_orientation=&#8221;center&#8221; global_colors_info=&#8221;{}&#8221;][et_pb_social_media_follow_network social_network=&#8221;facebook&#8221; _builder_version=&#8221;4.16&#8243; background_color=&#8221;#959d93&#8243; global_colors_info=&#8221;{}&#8221; follow_button=&#8221;off&#8221; url_new_window=&#8221;on&#8221;]facebook[\/et_pb_social_media_follow_network][et_pb_social_media_follow_network social_network=&#8221;instagram&#8221; _builder_version=&#8221;4.16&#8243; background_color=&#8221;#959d93&#8243; global_colors_info=&#8221;{}&#8221; follow_button=&#8221;off&#8221; url_new_window=&#8221;on&#8221;]instagram[\/et_pb_social_media_follow_network][\/et_pb_social_media_follow][\/et_pb_column][\/et_pb_row][\/et_pb_section]<\/p>\n","protected":false},"excerpt":{"rendered":"<p>facebookinstagram<\/p>\n","protected":false},"author":1,"featured_media":0,"parent":0,"menu_order":0,"comment_status":"closed","ping_status":"closed","template":"","meta":{"_et_pb_use_builder":"on","_et_pb_old_content":"","_et_gb_content_width":"","footnotes":""},"class_list":["post-1722","page","type-page","status-publish","hentry"],"yoast_head":"<!-- This site is optimized with the Yoast SEO plugin v27.5 - https:\/\/yoast.com\/product\/yoast-seo-wordpress\/ -->\n<title>trompe l&#039;oeil - Bernard Gout<\/title>\n<meta name=\"description\" content=\"Trompe l&#039;oeil fa\u00e7ades, murs d\u00e9cors peints ,dans le d\u00e9partement des pyr\u00e9n\u00e9es orientales 66 ,occitanie et France\" \/>\n<meta name=\"robots\" content=\"index, follow, max-snippet:-1, max-image-preview:large, max-video-preview:-1\" \/>\n<link rel=\"canonical\" href=\"https:\/\/bernardgout.fr\/index.php\/trompe-loeil-sur-facades-murs-et-panneaux\/\" \/>\n<meta property=\"og:locale\" content=\"en_US\" \/>\n<meta property=\"og:type\" content=\"article\" \/>\n<meta property=\"og:title\" content=\"trompe l&#039;oeil - Bernard Gout\" \/>\n<meta property=\"og:description\" content=\"Trompe l&#039;oeil fa\u00e7ades, murs d\u00e9cors peints ,dans le d\u00e9partement des pyr\u00e9n\u00e9es orientales 66 ,occitanie et France\" \/>\n<meta property=\"og:url\" content=\"https:\/\/bernardgout.fr\/index.php\/trompe-loeil-sur-facades-murs-et-panneaux\/\" \/>\n<meta property=\"og:site_name\" content=\"Bernard Gout\" \/>\n<meta property=\"article:modified_time\" content=\"2025-05-18T13:14:08+00:00\" \/>\n<meta name=\"twitter:card\" content=\"summary_large_image\" \/>\n<meta name=\"twitter:label1\" content=\"Est. reading time\" \/>\n\t<meta name=\"twitter:data1\" content=\"2 minutes\" \/>\n<script type=\"application\/ld+json\" class=\"yoast-schema-graph\">{\"@context\":\"https:\\\/\\\/schema.org\",\"@graph\":[{\"@type\":\"WebPage\",\"@id\":\"https:\\\/\\\/bernardgout.fr\\\/index.php\\\/trompe-loeil-sur-facades-murs-et-panneaux\\\/\",\"url\":\"https:\\\/\\\/bernardgout.fr\\\/index.php\\\/trompe-loeil-sur-facades-murs-et-panneaux\\\/\",\"name\":\"trompe l'oeil - Bernard Gout\",\"isPartOf\":{\"@id\":\"https:\\\/\\\/bernardgout.fr\\\/#website\"},\"datePublished\":\"2022-08-29T13:11:29+00:00\",\"dateModified\":\"2025-05-18T13:14:08+00:00\",\"description\":\"Trompe l'oeil fa\u00e7ades, murs d\u00e9cors peints ,dans le d\u00e9partement des pyr\u00e9n\u00e9es orientales 66 ,occitanie et France\",\"breadcrumb\":{\"@id\":\"https:\\\/\\\/bernardgout.fr\\\/index.php\\\/trompe-loeil-sur-facades-murs-et-panneaux\\\/#breadcrumb\"},\"inLanguage\":\"en-US\",\"potentialAction\":[{\"@type\":\"ReadAction\",\"target\":[\"https:\\\/\\\/bernardgout.fr\\\/index.php\\\/trompe-loeil-sur-facades-murs-et-panneaux\\\/\"]}]},{\"@type\":\"BreadcrumbList\",\"@id\":\"https:\\\/\\\/bernardgout.fr\\\/index.php\\\/trompe-loeil-sur-facades-murs-et-panneaux\\\/#breadcrumb\",\"itemListElement\":[{\"@type\":\"ListItem\",\"position\":1,\"name\":\"Accueil\",\"item\":\"https:\\\/\\\/bernardgout.fr\\\/\"},{\"@type\":\"ListItem\",\"position\":2,\"name\":\"trompe l&rsquo;oeil\"}]},{\"@type\":\"WebSite\",\"@id\":\"https:\\\/\\\/bernardgout.fr\\\/#website\",\"url\":\"https:\\\/\\\/bernardgout.fr\\\/\",\"name\":\"Bernard Gout\",\"description\":\"Peintre\",\"potentialAction\":[{\"@type\":\"SearchAction\",\"target\":{\"@type\":\"EntryPoint\",\"urlTemplate\":\"https:\\\/\\\/bernardgout.fr\\\/?s={search_term_string}\"},\"query-input\":{\"@type\":\"PropertyValueSpecification\",\"valueRequired\":true,\"valueName\":\"search_term_string\"}}],\"inLanguage\":\"en-US\"}]}<\/script>\n<!-- \/ Yoast SEO plugin. -->","yoast_head_json":{"title":"trompe l'oeil - Bernard Gout","description":"Trompe l'oeil fa\u00e7ades, murs d\u00e9cors peints ,dans le d\u00e9partement des pyr\u00e9n\u00e9es orientales 66 ,occitanie et France","robots":{"index":"index","follow":"follow","max-snippet":"max-snippet:-1","max-image-preview":"max-image-preview:large","max-video-preview":"max-video-preview:-1"},"canonical":"https:\/\/bernardgout.fr\/index.php\/trompe-loeil-sur-facades-murs-et-panneaux\/","og_locale":"en_US","og_type":"article","og_title":"trompe l'oeil - Bernard Gout","og_description":"Trompe l'oeil fa\u00e7ades, murs d\u00e9cors peints ,dans le d\u00e9partement des pyr\u00e9n\u00e9es orientales 66 ,occitanie et France","og_url":"https:\/\/bernardgout.fr\/index.php\/trompe-loeil-sur-facades-murs-et-panneaux\/","og_site_name":"Bernard Gout","article_modified_time":"2025-05-18T13:14:08+00:00","twitter_card":"summary_large_image","twitter_misc":{"Est. reading time":"2 minutes"},"schema":{"@context":"https:\/\/schema.org","@graph":[{"@type":"WebPage","@id":"https:\/\/bernardgout.fr\/index.php\/trompe-loeil-sur-facades-murs-et-panneaux\/","url":"https:\/\/bernardgout.fr\/index.php\/trompe-loeil-sur-facades-murs-et-panneaux\/","name":"trompe l'oeil - Bernard Gout","isPartOf":{"@id":"https:\/\/bernardgout.fr\/#website"},"datePublished":"2022-08-29T13:11:29+00:00","dateModified":"2025-05-18T13:14:08+00:00","description":"Trompe l'oeil fa\u00e7ades, murs d\u00e9cors peints ,dans le d\u00e9partement des pyr\u00e9n\u00e9es orientales 66 ,occitanie et France","breadcrumb":{"@id":"https:\/\/bernardgout.fr\/index.php\/trompe-loeil-sur-facades-murs-et-panneaux\/#breadcrumb"},"inLanguage":"en-US","potentialAction":[{"@type":"ReadAction","target":["https:\/\/bernardgout.fr\/index.php\/trompe-loeil-sur-facades-murs-et-panneaux\/"]}]},{"@type":"BreadcrumbList","@id":"https:\/\/bernardgout.fr\/index.php\/trompe-loeil-sur-facades-murs-et-panneaux\/#breadcrumb","itemListElement":[{"@type":"ListItem","position":1,"name":"Accueil","item":"https:\/\/bernardgout.fr\/"},{"@type":"ListItem","position":2,"name":"trompe l&rsquo;oeil"}]},{"@type":"WebSite","@id":"https:\/\/bernardgout.fr\/#website","url":"https:\/\/bernardgout.fr\/","name":"Bernard Gout","description":"Peintre","potentialAction":[{"@type":"SearchAction","target":{"@type":"EntryPoint","urlTemplate":"https:\/\/bernardgout.fr\/?s={search_term_string}"},"query-input":{"@type":"PropertyValueSpecification","valueRequired":true,"valueName":"search_term_string"}}],"inLanguage":"en-US"}]}},"_links":{"self":[{"href":"https:\/\/bernardgout.fr\/index.php\/wp-json\/wp\/v2\/pages\/1722","targetHints":{"allow":["GET"]}}],"collection":[{"href":"https:\/\/bernardgout.fr\/index.php\/wp-json\/wp\/v2\/pages"}],"about":[{"href":"https:\/\/bernardgout.fr\/index.php\/wp-json\/wp\/v2\/types\/page"}],"author":[{"embeddable":true,"href":"https:\/\/bernardgout.fr\/index.php\/wp-json\/wp\/v2\/users\/1"}],"replies":[{"embeddable":true,"href":"https:\/\/bernardgout.fr\/index.php\/wp-json\/wp\/v2\/comments?post=1722"}],"version-history":[{"count":13,"href":"https:\/\/bernardgout.fr\/index.php\/wp-json\/wp\/v2\/pages\/1722\/revisions"}],"predecessor-version":[{"id":1982,"href":"https:\/\/bernardgout.fr\/index.php\/wp-json\/wp\/v2\/pages\/1722\/revisions\/1982"}],"wp:attachment":[{"href":"https:\/\/bernardgout.fr\/index.php\/wp-json\/wp\/v2\/media?parent=1722"}],"curies":[{"name":"wp","href":"https:\/\/api.w.org\/{rel}","templated":true}]}}