{"id":1630,"date":"2022-08-29T14:54:31","date_gmt":"2022-08-29T12:54:31","guid":{"rendered":"http:\/\/bernardgout.fr\/?page_id=1630"},"modified":"2022-10-08T14:42:44","modified_gmt":"2022-10-08T12:42:44","slug":"exposition-a-la-maison-de-la-catalanite-perpignan-66000","status":"publish","type":"page","link":"https:\/\/bernardgout.fr\/index.php\/exposition-a-la-maison-de-la-catalanite-perpignan-66000\/","title":{"rendered":"maison de la Catalanit\u00e9"},"content":{"rendered":"<p>[et_pb_section fb_built=&#8221;1&#8243; _builder_version=&#8221;4.17.4&#8243; _module_preset=&#8221;default&#8221; background_color=&#8221;#e0e0e0&#8243; global_colors_info=&#8221;{}&#8221;][et_pb_row _builder_version=&#8221;4.17.4&#8243; _module_preset=&#8221;default&#8221; custom_margin=&#8221;2px|auto||auto||&#8221; global_colors_info=&#8221;{}&#8221;][et_pb_column type=&#8221;4_4&#8243; _builder_version=&#8221;4.17.4&#8243; _module_preset=&#8221;default&#8221; global_colors_info=&#8221;{}&#8221;][et_pb_text _builder_version=&#8221;4.17.4&#8243; _module_preset=&#8221;default&#8221; text_font_size=&#8221;36px&#8221; text_letter_spacing=&#8221;8px&#8221; text_orientation=&#8221;center&#8221; custom_margin=&#8221;||36px|||&#8221; text_font_size_tablet=&#8221;36px&#8221; text_font_size_phone=&#8221;31px&#8221; text_font_size_last_edited=&#8221;on|phone&#8221; global_colors_info=&#8221;{}&#8221;]<\/p>\n<p>Maison de la Catalanit\u00e9<\/p>\n<p>[\/et_pb_text][\/et_pb_column][\/et_pb_row][et_pb_row _builder_version=&#8221;4.17.4&#8243; _module_preset=&#8221;default&#8221; custom_padding=&#8221;||5px|||&#8221; global_colors_info=&#8221;{}&#8221;][et_pb_column type=&#8221;4_4&#8243; _builder_version=&#8221;4.17.4&#8243; _module_preset=&#8221;default&#8221; global_colors_info=&#8221;{}&#8221;][et_pb_gallery gallery_ids=&#8221;31,45,46,47&#8243; orientation=&#8221;portrait&#8221; zoom_icon_color=&#8221;#FDD23A&#8221; hover_icon=&#8221;&#x54;||divi||400&#8243; _builder_version=&#8221;4.18.0&#8243; _module_preset=&#8221;default&#8221; pagination_font=&#8221;|600||on|||||&#8221; pagination_text_color=&#8221;#595959&#8243; border_width_all_image=&#8221;1px&#8221; box_shadow_style_image=&#8221;preset1&#8243; global_colors_info=&#8221;{}&#8221;][\/et_pb_gallery][\/et_pb_column][\/et_pb_row][et_pb_row _builder_version=&#8221;4.17.4&#8243; _module_preset=&#8221;default&#8221; custom_padding=&#8221;||5px|||&#8221; global_colors_info=&#8221;{}&#8221;][et_pb_column type=&#8221;4_4&#8243; _builder_version=&#8221;4.17.4&#8243; _module_preset=&#8221;default&#8221; global_colors_info=&#8221;{}&#8221;][et_pb_gallery gallery_ids=&#8221;48,49,50,51&#8243; orientation=&#8221;portrait&#8221; zoom_icon_color=&#8221;#FDD23A&#8221; hover_icon=&#8221;&#x54;||divi||400&#8243; _builder_version=&#8221;4.18.0&#8243; _module_preset=&#8221;default&#8221; pagination_font=&#8221;|600||on|||||&#8221; pagination_text_color=&#8221;#595959&#8243; border_width_all_image=&#8221;1px&#8221; box_shadow_style_image=&#8221;preset1&#8243; global_colors_info=&#8221;{}&#8221;][\/et_pb_gallery][\/et_pb_column][\/et_pb_row][et_pb_row _builder_version=&#8221;4.17.4&#8243; _module_preset=&#8221;default&#8221; custom_padding=&#8221;||5px|||&#8221; global_colors_info=&#8221;{}&#8221;][et_pb_column type=&#8221;4_4&#8243; _builder_version=&#8221;4.17.4&#8243; _module_preset=&#8221;default&#8221; global_colors_info=&#8221;{}&#8221;][et_pb_gallery gallery_ids=&#8221;52,53,54,55&#8243; orientation=&#8221;portrait&#8221; zoom_icon_color=&#8221;#FDD23A&#8221; hover_icon=&#8221;&#x54;||divi||400&#8243; _builder_version=&#8221;4.18.0&#8243; _module_preset=&#8221;default&#8221; pagination_font=&#8221;|600||on|||||&#8221; pagination_text_color=&#8221;#595959&#8243; border_width_all_image=&#8221;1px&#8221; box_shadow_style_image=&#8221;preset1&#8243; global_colors_info=&#8221;{}&#8221;][\/et_pb_gallery][\/et_pb_column][\/et_pb_row][et_pb_row column_structure=&#8221;1_4,1_4,1_4,1_4&#8243; _builder_version=&#8221;4.18.0&#8243; _module_preset=&#8221;default&#8221; global_colors_info=&#8221;{}&#8221;][et_pb_column type=&#8221;1_4&#8243; _builder_version=&#8221;4.18.0&#8243; _module_preset=&#8221;default&#8221; global_colors_info=&#8221;{}&#8221;][et_pb_image src=&#8221;http:\/\/claudinepicardpeintre.fr\/wp-content\/uploads\/2022\/08\/160X150CM.jpg&#8221; title_text=&#8221;160X150CM&#8221; show_in_lightbox=&#8221;on&#8221; use_overlay=&#8221;on&#8221; overlay_icon_color=&#8221;#E02B20&#8243; hover_overlay_color=&#8221;RGBA(255,255,255,0)&#8221; hover_icon=&#8221;&#x54;||divi||400&#8243; _builder_version=&#8221;4.18.0&#8243; _module_preset=&#8221;default&#8221; box_shadow_style=&#8221;preset1&#8243; global_colors_info=&#8221;{}&#8221;][\/et_pb_image][\/et_pb_column][et_pb_column type=&#8221;1_4&#8243; _builder_version=&#8221;4.18.0&#8243; _module_preset=&#8221;default&#8221; global_colors_info=&#8221;{}&#8221;][et_pb_image src=&#8221;https:\/\/bernardgout.fr\/wp-content\/uploads\/2022\/08\/170X147CM.jpg&#8221; title_text=&#8221;170X147CM&#8221; show_in_lightbox=&#8221;on&#8221; use_overlay=&#8221;on&#8221; overlay_icon_color=&#8221;#E02B20&#8243; hover_overlay_color=&#8221;RGBA(255,255,255,0)&#8221; hover_icon=&#8221;&#x54;||divi||400&#8243; _builder_version=&#8221;4.18.0&#8243; _module_preset=&#8221;default&#8221; box_shadow_style=&#8221;preset1&#8243; global_colors_info=&#8221;{}&#8221;][\/et_pb_image][\/et_pb_column][et_pb_column type=&#8221;1_4&#8243; _builder_version=&#8221;4.18.0&#8243; _module_preset=&#8221;default&#8221; global_colors_info=&#8221;{}&#8221;][et_pb_image src=&#8221;https:\/\/bernardgout.fr\/wp-content\/uploads\/2022\/08\/250&#215;200-Gout-scaled-1.jpg&#8221; title_text=&#8221;250&#215;200 &#8221; show_in_lightbox=&#8221;on&#8221; use_overlay=&#8221;on&#8221; overlay_icon_color=&#8221;#E02B20&#8243; hover_overlay_color=&#8221;RGBA(255,255,255,0)&#8221; hover_icon=&#8221;&#x54;||divi||400&#8243; _builder_version=&#8221;4.18.0&#8243; _module_preset=&#8221;default&#8221; global_colors_info=&#8221;{}&#8221;][\/et_pb_image][\/et_pb_column][et_pb_column type=&#8221;1_4&#8243; _builder_version=&#8221;4.18.0&#8243; _module_preset=&#8221;default&#8221; global_colors_info=&#8221;{}&#8221;][et_pb_image src=&#8221;https:\/\/bernardgout.fr\/wp-content\/uploads\/2022\/08\/214X150-GOUT-scaled-1.jpg&#8221; show_in_lightbox=&#8221;on&#8221; use_overlay=&#8221;on&#8221; overlay_icon_color=&#8221;#E02B20&#8243; hover_overlay_color=&#8221;RGBA(255,255,255,0)&#8221; hover_icon=&#8221;&#x54;||divi||400&#8243; _builder_version=&#8221;4.18.0&#8243; _module_preset=&#8221;default&#8221; global_colors_info=&#8221;{}&#8221;][\/et_pb_image][\/et_pb_column][\/et_pb_row][\/et_pb_section]<\/p>\n","protected":false},"excerpt":{"rendered":"<p>Maison de la Catalanit\u00e9<\/p>\n","protected":false},"author":1,"featured_media":0,"parent":0,"menu_order":0,"comment_status":"closed","ping_status":"closed","template":"","meta":{"_et_pb_use_builder":"on","_et_pb_old_content":"","_et_gb_content_width":"","footnotes":""},"class_list":["post-1630","page","type-page","status-publish","hentry"],"yoast_head":"<!-- This site is optimized with the Yoast SEO plugin v27.5 - https:\/\/yoast.com\/product\/yoast-seo-wordpress\/ -->\n<title>maison de la Catalanit\u00e9 - Bernard Gout<\/title>\n<meta name=\"description\" content=\"Exposition \u00e0 la maison-de-la-catalanite Perpignan 66000 Pyr\u00e9n\u00e9es Orientales en Occitanie .Peintures sur toiles libres\" \/>\n<meta name=\"robots\" content=\"index, follow, max-snippet:-1, max-image-preview:large, max-video-preview:-1\" \/>\n<link rel=\"canonical\" href=\"https:\/\/bernardgout.fr\/index.php\/exposition-a-la-maison-de-la-catalanite-perpignan-66000\/\" \/>\n<meta property=\"og:locale\" content=\"en_US\" \/>\n<meta property=\"og:type\" content=\"article\" \/>\n<meta property=\"og:title\" content=\"maison de la Catalanit\u00e9 - Bernard Gout\" \/>\n<meta property=\"og:description\" content=\"Exposition \u00e0 la maison-de-la-catalanite Perpignan 66000 Pyr\u00e9n\u00e9es Orientales en Occitanie .Peintures sur toiles libres\" \/>\n<meta property=\"og:url\" content=\"https:\/\/bernardgout.fr\/index.php\/exposition-a-la-maison-de-la-catalanite-perpignan-66000\/\" \/>\n<meta property=\"og:site_name\" content=\"Bernard Gout\" \/>\n<meta property=\"article:modified_time\" content=\"2022-10-08T12:42:44+00:00\" \/>\n<meta name=\"twitter:card\" content=\"summary_large_image\" \/>\n<meta name=\"twitter:label1\" content=\"Est. reading time\" \/>\n\t<meta name=\"twitter:data1\" content=\"1 minute\" \/>\n<script type=\"application\/ld+json\" class=\"yoast-schema-graph\">{\"@context\":\"https:\\\/\\\/schema.org\",\"@graph\":[{\"@type\":\"WebPage\",\"@id\":\"https:\\\/\\\/bernardgout.fr\\\/index.php\\\/exposition-a-la-maison-de-la-catalanite-perpignan-66000\\\/\",\"url\":\"https:\\\/\\\/bernardgout.fr\\\/index.php\\\/exposition-a-la-maison-de-la-catalanite-perpignan-66000\\\/\",\"name\":\"maison de la Catalanit\u00e9 - Bernard Gout\",\"isPartOf\":{\"@id\":\"https:\\\/\\\/bernardgout.fr\\\/#website\"},\"datePublished\":\"2022-08-29T12:54:31+00:00\",\"dateModified\":\"2022-10-08T12:42:44+00:00\",\"description\":\"Exposition \u00e0 la maison-de-la-catalanite Perpignan 66000 Pyr\u00e9n\u00e9es Orientales en Occitanie .Peintures sur toiles libres\",\"breadcrumb\":{\"@id\":\"https:\\\/\\\/bernardgout.fr\\\/index.php\\\/exposition-a-la-maison-de-la-catalanite-perpignan-66000\\\/#breadcrumb\"},\"inLanguage\":\"en-US\",\"potentialAction\":[{\"@type\":\"ReadAction\",\"target\":[\"https:\\\/\\\/bernardgout.fr\\\/index.php\\\/exposition-a-la-maison-de-la-catalanite-perpignan-66000\\\/\"]}]},{\"@type\":\"BreadcrumbList\",\"@id\":\"https:\\\/\\\/bernardgout.fr\\\/index.php\\\/exposition-a-la-maison-de-la-catalanite-perpignan-66000\\\/#breadcrumb\",\"itemListElement\":[{\"@type\":\"ListItem\",\"position\":1,\"name\":\"Accueil\",\"item\":\"https:\\\/\\\/bernardgout.fr\\\/\"},{\"@type\":\"ListItem\",\"position\":2,\"name\":\"maison de la Catalanit\u00e9\"}]},{\"@type\":\"WebSite\",\"@id\":\"https:\\\/\\\/bernardgout.fr\\\/#website\",\"url\":\"https:\\\/\\\/bernardgout.fr\\\/\",\"name\":\"Bernard Gout\",\"description\":\"Peintre\",\"potentialAction\":[{\"@type\":\"SearchAction\",\"target\":{\"@type\":\"EntryPoint\",\"urlTemplate\":\"https:\\\/\\\/bernardgout.fr\\\/?s={search_term_string}\"},\"query-input\":{\"@type\":\"PropertyValueSpecification\",\"valueRequired\":true,\"valueName\":\"search_term_string\"}}],\"inLanguage\":\"en-US\"}]}<\/script>\n<!-- \/ Yoast SEO plugin. -->","yoast_head_json":{"title":"maison de la Catalanit\u00e9 - Bernard Gout","description":"Exposition \u00e0 la maison-de-la-catalanite Perpignan 66000 Pyr\u00e9n\u00e9es Orientales en Occitanie .Peintures sur toiles libres","robots":{"index":"index","follow":"follow","max-snippet":"max-snippet:-1","max-image-preview":"max-image-preview:large","max-video-preview":"max-video-preview:-1"},"canonical":"https:\/\/bernardgout.fr\/index.php\/exposition-a-la-maison-de-la-catalanite-perpignan-66000\/","og_locale":"en_US","og_type":"article","og_title":"maison de la Catalanit\u00e9 - Bernard Gout","og_description":"Exposition \u00e0 la maison-de-la-catalanite Perpignan 66000 Pyr\u00e9n\u00e9es Orientales en Occitanie .Peintures sur toiles libres","og_url":"https:\/\/bernardgout.fr\/index.php\/exposition-a-la-maison-de-la-catalanite-perpignan-66000\/","og_site_name":"Bernard Gout","article_modified_time":"2022-10-08T12:42:44+00:00","twitter_card":"summary_large_image","twitter_misc":{"Est. reading time":"1 minute"},"schema":{"@context":"https:\/\/schema.org","@graph":[{"@type":"WebPage","@id":"https:\/\/bernardgout.fr\/index.php\/exposition-a-la-maison-de-la-catalanite-perpignan-66000\/","url":"https:\/\/bernardgout.fr\/index.php\/exposition-a-la-maison-de-la-catalanite-perpignan-66000\/","name":"maison de la Catalanit\u00e9 - Bernard Gout","isPartOf":{"@id":"https:\/\/bernardgout.fr\/#website"},"datePublished":"2022-08-29T12:54:31+00:00","dateModified":"2022-10-08T12:42:44+00:00","description":"Exposition \u00e0 la maison-de-la-catalanite Perpignan 66000 Pyr\u00e9n\u00e9es Orientales en Occitanie .Peintures sur toiles libres","breadcrumb":{"@id":"https:\/\/bernardgout.fr\/index.php\/exposition-a-la-maison-de-la-catalanite-perpignan-66000\/#breadcrumb"},"inLanguage":"en-US","potentialAction":[{"@type":"ReadAction","target":["https:\/\/bernardgout.fr\/index.php\/exposition-a-la-maison-de-la-catalanite-perpignan-66000\/"]}]},{"@type":"BreadcrumbList","@id":"https:\/\/bernardgout.fr\/index.php\/exposition-a-la-maison-de-la-catalanite-perpignan-66000\/#breadcrumb","itemListElement":[{"@type":"ListItem","position":1,"name":"Accueil","item":"https:\/\/bernardgout.fr\/"},{"@type":"ListItem","position":2,"name":"maison de la Catalanit\u00e9"}]},{"@type":"WebSite","@id":"https:\/\/bernardgout.fr\/#website","url":"https:\/\/bernardgout.fr\/","name":"Bernard Gout","description":"Peintre","potentialAction":[{"@type":"SearchAction","target":{"@type":"EntryPoint","urlTemplate":"https:\/\/bernardgout.fr\/?s={search_term_string}"},"query-input":{"@type":"PropertyValueSpecification","valueRequired":true,"valueName":"search_term_string"}}],"inLanguage":"en-US"}]}},"_links":{"self":[{"href":"https:\/\/bernardgout.fr\/index.php\/wp-json\/wp\/v2\/pages\/1630","targetHints":{"allow":["GET"]}}],"collection":[{"href":"https:\/\/bernardgout.fr\/index.php\/wp-json\/wp\/v2\/pages"}],"about":[{"href":"https:\/\/bernardgout.fr\/index.php\/wp-json\/wp\/v2\/types\/page"}],"author":[{"embeddable":true,"href":"https:\/\/bernardgout.fr\/index.php\/wp-json\/wp\/v2\/users\/1"}],"replies":[{"embeddable":true,"href":"https:\/\/bernardgout.fr\/index.php\/wp-json\/wp\/v2\/comments?post=1630"}],"version-history":[{"count":6,"href":"https:\/\/bernardgout.fr\/index.php\/wp-json\/wp\/v2\/pages\/1630\/revisions"}],"predecessor-version":[{"id":1902,"href":"https:\/\/bernardgout.fr\/index.php\/wp-json\/wp\/v2\/pages\/1630\/revisions\/1902"}],"wp:attachment":[{"href":"https:\/\/bernardgout.fr\/index.php\/wp-json\/wp\/v2\/media?parent=1630"}],"curies":[{"name":"wp","href":"https:\/\/api.w.org\/{rel}","templated":true}]}}