{"id":1624,"date":"2022-08-29T14:52:05","date_gmt":"2022-08-29T12:52:05","guid":{"rendered":"http:\/\/bernardgout.fr\/?page_id=1624"},"modified":"2022-09-03T15:27:33","modified_gmt":"2022-09-03T13:27:33","slug":"allegories","status":"publish","type":"page","link":"https:\/\/bernardgout.fr\/index.php\/allegories\/","title":{"rendered":"all\u00e9gories"},"content":{"rendered":"\n[et_pb_section fb_built=&#8221;1&#8243; _builder_version=&#8221;4.17.4&#8243; _module_preset=&#8221;default&#8221; background_color=&#8221;#e0e0e0&#8243; global_colors_info=&#8221;{}&#8221; theme_builder_area=&#8221;post_content&#8221;][et_pb_row _builder_version=&#8221;4.17.4&#8243; _module_preset=&#8221;default&#8221; custom_margin=&#8221;2px|auto||auto||&#8221; global_colors_info=&#8221;{}&#8221; theme_builder_area=&#8221;post_content&#8221;][et_pb_column type=&#8221;4_4&#8243; _builder_version=&#8221;4.17.4&#8243; _module_preset=&#8221;default&#8221; global_colors_info=&#8221;{}&#8221; theme_builder_area=&#8221;post_content&#8221;][et_pb_text _builder_version=&#8221;4.18.0&#8243; _module_preset=&#8221;default&#8221; text_font_size=&#8221;36px&#8221; text_letter_spacing=&#8221;8px&#8221; text_orientation=&#8221;center&#8221; custom_margin=&#8221;||36px|||&#8221; global_colors_info=&#8221;{}&#8221; theme_builder_area=&#8221;post_content&#8221;]All\u00e9gories[\/et_pb_text][\/et_pb_column][\/et_pb_row][et_pb_row _builder_version=&#8221;4.17.4&#8243; _module_preset=&#8221;default&#8221; custom_padding=&#8221;||5px|||&#8221; global_colors_info=&#8221;{}&#8221; theme_builder_area=&#8221;post_content&#8221;][et_pb_column type=&#8221;4_4&#8243; _builder_version=&#8221;4.17.4&#8243; _module_preset=&#8221;default&#8221; global_colors_info=&#8221;{}&#8221; theme_builder_area=&#8221;post_content&#8221;][et_pb_gallery gallery_ids=&#8221;69,70,71,72,33&#8243; orientation=&#8221;portrait&#8221; zoom_icon_color=&#8221;#FDD23A&#8221; hover_icon=&#8221;&#x54;||divi||400&#8243; _builder_version=&#8221;4.18.0&#8243; _module_preset=&#8221;default&#8221; pagination_font=&#8221;|600||on|||||&#8221; pagination_text_color=&#8221;#595959&#8243; border_width_all_image=&#8221;1px&#8221; box_shadow_style_image=&#8221;preset1&#8243; global_colors_info=&#8221;{}&#8221; theme_builder_area=&#8221;post_content&#8221;][\/et_pb_gallery][\/et_pb_column][\/et_pb_row][\/et_pb_section]\n","protected":false},"excerpt":{"rendered":"<p>All\u00e9gories<\/p>\n","protected":false},"author":1,"featured_media":0,"parent":0,"menu_order":0,"comment_status":"closed","ping_status":"closed","template":"","meta":{"_et_pb_use_builder":"on","_et_pb_old_content":"","_et_gb_content_width":"","footnotes":""},"class_list":["post-1624","page","type-page","status-publish","hentry"],"yoast_head":"<!-- This site is optimized with the Yoast SEO plugin v27.5 - https:\/\/yoast.com\/product\/yoast-seo-wordpress\/ -->\n<title>all\u00e9gories - Bernard Gout<\/title>\n<meta name=\"description\" content=\"peintures 10x10cm personnages all\u00e9gories ,expos\u00e9es \u00e0 Toulouse 3100 Galerie la Litotte\" \/>\n<meta name=\"robots\" content=\"index, follow, max-snippet:-1, max-image-preview:large, max-video-preview:-1\" \/>\n<link rel=\"canonical\" href=\"https:\/\/bernardgout.fr\/index.php\/allegories\/\" \/>\n<meta property=\"og:locale\" content=\"en_US\" \/>\n<meta property=\"og:type\" content=\"article\" \/>\n<meta property=\"og:title\" content=\"all\u00e9gories - Bernard Gout\" \/>\n<meta property=\"og:description\" content=\"peintures 10x10cm personnages all\u00e9gories ,expos\u00e9es \u00e0 Toulouse 3100 Galerie la Litotte\" \/>\n<meta property=\"og:url\" content=\"https:\/\/bernardgout.fr\/index.php\/allegories\/\" \/>\n<meta property=\"og:site_name\" content=\"Bernard Gout\" \/>\n<meta property=\"article:modified_time\" content=\"2022-09-03T13:27:33+00:00\" \/>\n<meta name=\"twitter:card\" content=\"summary_large_image\" \/>\n<meta name=\"twitter:label1\" content=\"Est. reading time\" \/>\n\t<meta name=\"twitter:data1\" content=\"1 minute\" \/>\n<script type=\"application\/ld+json\" class=\"yoast-schema-graph\">{\"@context\":\"https:\\\/\\\/schema.org\",\"@graph\":[{\"@type\":\"WebPage\",\"@id\":\"https:\\\/\\\/bernardgout.fr\\\/index.php\\\/allegories\\\/\",\"url\":\"https:\\\/\\\/bernardgout.fr\\\/index.php\\\/allegories\\\/\",\"name\":\"all\u00e9gories - Bernard Gout\",\"isPartOf\":{\"@id\":\"https:\\\/\\\/bernardgout.fr\\\/#website\"},\"datePublished\":\"2022-08-29T12:52:05+00:00\",\"dateModified\":\"2022-09-03T13:27:33+00:00\",\"description\":\"peintures 10x10cm personnages all\u00e9gories ,expos\u00e9es \u00e0 Toulouse 3100 Galerie la Litotte\",\"breadcrumb\":{\"@id\":\"https:\\\/\\\/bernardgout.fr\\\/index.php\\\/allegories\\\/#breadcrumb\"},\"inLanguage\":\"en-US\",\"potentialAction\":[{\"@type\":\"ReadAction\",\"target\":[\"https:\\\/\\\/bernardgout.fr\\\/index.php\\\/allegories\\\/\"]}]},{\"@type\":\"BreadcrumbList\",\"@id\":\"https:\\\/\\\/bernardgout.fr\\\/index.php\\\/allegories\\\/#breadcrumb\",\"itemListElement\":[{\"@type\":\"ListItem\",\"position\":1,\"name\":\"Accueil\",\"item\":\"https:\\\/\\\/bernardgout.fr\\\/\"},{\"@type\":\"ListItem\",\"position\":2,\"name\":\"all\u00e9gories\"}]},{\"@type\":\"WebSite\",\"@id\":\"https:\\\/\\\/bernardgout.fr\\\/#website\",\"url\":\"https:\\\/\\\/bernardgout.fr\\\/\",\"name\":\"Bernard Gout\",\"description\":\"Peintre\",\"potentialAction\":[{\"@type\":\"SearchAction\",\"target\":{\"@type\":\"EntryPoint\",\"urlTemplate\":\"https:\\\/\\\/bernardgout.fr\\\/?s={search_term_string}\"},\"query-input\":{\"@type\":\"PropertyValueSpecification\",\"valueRequired\":true,\"valueName\":\"search_term_string\"}}],\"inLanguage\":\"en-US\"}]}<\/script>\n<!-- \/ Yoast SEO plugin. -->","yoast_head_json":{"title":"all\u00e9gories - Bernard Gout","description":"peintures 10x10cm personnages all\u00e9gories ,expos\u00e9es \u00e0 Toulouse 3100 Galerie la Litotte","robots":{"index":"index","follow":"follow","max-snippet":"max-snippet:-1","max-image-preview":"max-image-preview:large","max-video-preview":"max-video-preview:-1"},"canonical":"https:\/\/bernardgout.fr\/index.php\/allegories\/","og_locale":"en_US","og_type":"article","og_title":"all\u00e9gories - Bernard Gout","og_description":"peintures 10x10cm personnages all\u00e9gories ,expos\u00e9es \u00e0 Toulouse 3100 Galerie la Litotte","og_url":"https:\/\/bernardgout.fr\/index.php\/allegories\/","og_site_name":"Bernard Gout","article_modified_time":"2022-09-03T13:27:33+00:00","twitter_card":"summary_large_image","twitter_misc":{"Est. reading time":"1 minute"},"schema":{"@context":"https:\/\/schema.org","@graph":[{"@type":"WebPage","@id":"https:\/\/bernardgout.fr\/index.php\/allegories\/","url":"https:\/\/bernardgout.fr\/index.php\/allegories\/","name":"all\u00e9gories - Bernard Gout","isPartOf":{"@id":"https:\/\/bernardgout.fr\/#website"},"datePublished":"2022-08-29T12:52:05+00:00","dateModified":"2022-09-03T13:27:33+00:00","description":"peintures 10x10cm personnages all\u00e9gories ,expos\u00e9es \u00e0 Toulouse 3100 Galerie la Litotte","breadcrumb":{"@id":"https:\/\/bernardgout.fr\/index.php\/allegories\/#breadcrumb"},"inLanguage":"en-US","potentialAction":[{"@type":"ReadAction","target":["https:\/\/bernardgout.fr\/index.php\/allegories\/"]}]},{"@type":"BreadcrumbList","@id":"https:\/\/bernardgout.fr\/index.php\/allegories\/#breadcrumb","itemListElement":[{"@type":"ListItem","position":1,"name":"Accueil","item":"https:\/\/bernardgout.fr\/"},{"@type":"ListItem","position":2,"name":"all\u00e9gories"}]},{"@type":"WebSite","@id":"https:\/\/bernardgout.fr\/#website","url":"https:\/\/bernardgout.fr\/","name":"Bernard Gout","description":"Peintre","potentialAction":[{"@type":"SearchAction","target":{"@type":"EntryPoint","urlTemplate":"https:\/\/bernardgout.fr\/?s={search_term_string}"},"query-input":{"@type":"PropertyValueSpecification","valueRequired":true,"valueName":"search_term_string"}}],"inLanguage":"en-US"}]}},"_links":{"self":[{"href":"https:\/\/bernardgout.fr\/index.php\/wp-json\/wp\/v2\/pages\/1624","targetHints":{"allow":["GET"]}}],"collection":[{"href":"https:\/\/bernardgout.fr\/index.php\/wp-json\/wp\/v2\/pages"}],"about":[{"href":"https:\/\/bernardgout.fr\/index.php\/wp-json\/wp\/v2\/types\/page"}],"author":[{"embeddable":true,"href":"https:\/\/bernardgout.fr\/index.php\/wp-json\/wp\/v2\/users\/1"}],"replies":[{"embeddable":true,"href":"https:\/\/bernardgout.fr\/index.php\/wp-json\/wp\/v2\/comments?post=1624"}],"version-history":[{"count":3,"href":"https:\/\/bernardgout.fr\/index.php\/wp-json\/wp\/v2\/pages\/1624\/revisions"}],"predecessor-version":[{"id":1860,"href":"https:\/\/bernardgout.fr\/index.php\/wp-json\/wp\/v2\/pages\/1624\/revisions\/1860"}],"wp:attachment":[{"href":"https:\/\/bernardgout.fr\/index.php\/wp-json\/wp\/v2\/media?parent=1624"}],"curies":[{"name":"wp","href":"https:\/\/api.w.org\/{rel}","templated":true}]}}