{"id":1614,"date":"2022-08-29T14:45:00","date_gmt":"2022-08-29T12:45:00","guid":{"rendered":"http:\/\/bernardgout.fr\/?page_id=1614"},"modified":"2022-09-03T15:32:30","modified_gmt":"2022-09-03T13:32:30","slug":"biographie-artiste-peintre-inscrit-a-la-maison-des-artistes-1978","status":"publish","type":"page","link":"https:\/\/bernardgout.fr\/index.php\/biographie-artiste-peintre-inscrit-a-la-maison-des-artistes-1978\/","title":{"rendered":"biographie"},"content":{"rendered":"\n\n\n[et_pb_section fb_built=&#8221;1&#8243; admin_label=&#8221;Hero Section&#8221; _builder_version=&#8221;4.18.0&#8243; use_background_color_gradient=&#8221;on&#8221; background_color_gradient_direction=&#8221;90deg&#8221; background_color_gradient_stops=&#8221;rgba(244,240,233,0.9) 6%|rgba(244,240,233,0) 100%&#8221; background_color_gradient_overlays_image=&#8221;on&#8221; background_color_gradient_start=&#8221;rgba(244,240,233,0.9)&#8221; background_color_gradient_start_position=&#8221;30%&#8221; background_color_gradient_end=&#8221;rgba(244,240,233,0)&#8221; background_image=&#8221;https:\/\/bernardgout.fr\/wp-content\/uploads\/2022\/08\/IMG_20201208_185211-1.jpg&#8221; custom_margin=&#8221;|||&#8221; custom_padding=&#8221;119px|0px|119px|0px&#8221; global_colors_info=&#8221;{}&#8221;][et_pb_row custom_padding_last_edited=&#8221;off|desktop&#8221; admin_label=&#8221;Hero Area&#8221; _builder_version=&#8221;4.16&#8243; custom_padding=&#8221;27px|0px|0px|0px&#8221; global_colors_info=&#8221;{}&#8221;][et_pb_column type=&#8221;4_4&#8243; _builder_version=&#8221;4.16&#8243; custom_padding=&#8221;|||&#8221; global_colors_info=&#8221;{}&#8221; custom_padding__hover=&#8221;|||&#8221;][et_pb_text admin_label=&#8221;Hero Title&#8221; _builder_version=&#8221;4.18.0&#8243; text_font=&#8221;Playfair Display||||||||&#8221; text_text_color=&#8221;#0C71C3&#8243; header_font=&#8221;Alice||||||||&#8221; header_text_color=&#8221;#00618e&#8221; header_font_size=&#8221;80px&#8221; header_letter_spacing=&#8221;-3px&#8221; header_line_height=&#8221;1.1em&#8221; custom_margin=&#8221;||0px|&#8221; custom_padding=&#8221;|||&#8221; animation_style=&#8221;slide&#8221; animation_direction=&#8221;left&#8221; animation_intensity_slide=&#8221;5%&#8221; animation_starting_opacity=&#8221;100%&#8221; text_font_size_last_edited=&#8221;off|desktop&#8221; header_font_size_tablet=&#8221;&#8221; header_font_size_phone=&#8221;60px&#8221; header_font_size_last_edited=&#8221;on|phone&#8221; global_colors_info=&#8221;{}&#8221;]<h1>Biographie<\/h1>[\/et_pb_text][\/et_pb_column][\/et_pb_row][et_pb_row column_structure=&#8221;2_5,3_5&#8243; admin_label=&#8221;About Us Area&#8221; _builder_version=&#8221;4.18.0&#8243; background_color=&#8221;rgba(255,255,255,0.6)&#8221; custom_margin=&#8221;21px|auto||auto|false|false&#8221; custom_padding=&#8221;|21px||21px|false|true&#8221; global_colors_info=&#8221;{}&#8221;][et_pb_column type=&#8221;2_5&#8243; _builder_version=&#8221;4.16&#8243; custom_padding=&#8221;|||&#8221; global_colors_info=&#8221;{}&#8221; custom_padding__hover=&#8221;|||&#8221;][et_pb_image src=&#8221;https:\/\/bernardgout.fr\/wp-content\/uploads\/2022\/08\/IMG_0037-2-1.jpg&#8221; title_text=&#8221;2bg.JPG&#8221; force_fullwidth=&#8221;on&#8221; align_tablet=&#8221;center&#8221; align_phone=&#8221;center&#8221; align_last_edited=&#8221;on|desktop&#8221; _builder_version=&#8221;4.18.0&#8243; animation_style=&#8221;slide&#8221; animation_direction=&#8221;left&#8221; animation_intensity_slide=&#8221;10%&#8221; animation_starting_opacity=&#8221;100%&#8221; global_colors_info=&#8221;{}&#8221;][\/et_pb_image][\/et_pb_column][et_pb_column type=&#8221;3_5&#8243; _builder_version=&#8221;4.16&#8243; custom_padding=&#8221;80px||80px|&#8221; global_colors_info=&#8221;{}&#8221; custom_padding__hover=&#8221;|||&#8221;][et_pb_text admin_label=&#8221;Title&#8221; _builder_version=&#8221;4.18.0&#8243; text_font=&#8221;||||||||&#8221; text_text_color=&#8221;#00457A&#8221; header_font=&#8221;||||||||&#8221; header_2_font=&#8221;Alice||||||||&#8221; header_2_font_size=&#8221;41px&#8221; header_2_line_height=&#8221;1.3em&#8221; custom_margin=&#8221;||20px|&#8221; animation_style=&#8221;slide&#8221; animation_direction=&#8221;top&#8221; animation_intensity_slide=&#8221;30%&#8221; animation_starting_opacity=&#8221;100%&#8221; global_colors_info=&#8221;{}&#8221;]<h2>Bernard GOUT<\/h2>[\/et_pb_text][et_pb_text _builder_version=&#8221;4.18.0&#8243; _module_preset=&#8221;default&#8221; text_font_size=&#8221;27px&#8221; global_colors_info=&#8221;{}&#8221;]Curriculum vitae\n\nArtiste peintre ,Expositions[\/et_pb_text][et_pb_divider show_divider=&#8221;off&#8221; _builder_version=&#8221;4.18.0&#8243; max_width=&#8221;50px&#8221; custom_margin=&#8221;||10px|&#8221; animation_style=&#8221;fold&#8221; animation_direction=&#8221;left&#8221; animation_starting_opacity=&#8221;100%&#8221; global_colors_info=&#8221;{}&#8221;][\/et_pb_divider][et_pb_text _builder_version=&#8221;4.17.4&#8243; text_font=&#8221;||||||||&#8221; text_text_color=&#8221;#000000&#8243; text_font_size=&#8221;16px&#8221; text_line_height=&#8221;1.8em&#8221; animation_style=&#8221;slide&#8221; animation_direction=&#8221;top&#8221; animation_intensity_slide=&#8221;10%&#8221; animation_starting_opacity=&#8221;100%&#8221; hover_enabled=&#8221;0&#8243; global_colors_info=&#8221;{}&#8221; sticky_enabled=&#8221;0&#8243;]<p>Rue des rosiers 5<br \/>66470 SAINTE MARIE<br \/>TEL : 0677920210<br \/>email:bgoutdecor@gmail.com<\/p>\n<p>N\u00e9 en 1952 \u00e0 Perpignan, peintre autodidacte inscrit \u00e0 la maison des artistes<\/p>\n<p>Mon activit\u00e9 de peintre pourrait se r\u00e9sumer par une figuration d\u00e9riv\u00e9e du r\u00e9el et de l&#8217;imaginaire.<br \/>La peinture me captive en tant que spectateur et acteur et m&#8217;offre un vaste terrain de jeux, d&#8217;exp\u00e9riences, de d\u00e9couvertes.<br \/>Elle m&#8217;occupe depuis toujours m&#8217;entrainant sur un chemin labyrinthique.<\/p>\n<p>2003 Expo natures mortes Gal T Roussel Perpignan<br \/>2004 Expo autoportraits et nuages Galerie &#8220;le souffle&#8221; Leucate (Aude)<br \/>2005 LINEART Foire d&#8217;art contemporain \u00e0 Gand (Belgique)<br \/>2007 CAPELETTA de CERET 66<br \/>2009 Galerie Th\u00e9r\u00e8se ROUSSEL Perpignan<br \/>2011 Galerie Th\u00e9r\u00e8se ROUSSEL Perpignan<br \/>2013 Galerie toiles de mer PEYRIAC DE MER ( Aude)<br \/>2014 Galerie toiles de mer PEYRIAC DE MER (Aude)<br \/>2017 Expo au D\u00f4me Port VENDRES (PO)<br \/>2019 Exposition (de groupe) Maison de la Catalanit\u00e9 Perpignan<br \/>2021 Exposition Galerie du pavillon des arts PORT-VENDRES<\/p>\n<p>2022 Maison de la Catalanit\u00e9 Perpignan<\/p>[\/et_pb_text][\/et_pb_column][\/et_pb_row][\/et_pb_section]\n\n\n","protected":false},"excerpt":{"rendered":"<p>BiographieBernard GOUTCurriculum vitae Artiste peintre ,ExpositionsRue des rosiers 566470 SAINTE MARIETEL : 0677920210email:bgoutdecor@gmail.com N\u00e9 en 1952 \u00e0 Perpignan, peintre autodidacte inscrit \u00e0 la maison des artistes Mon activit\u00e9 de peintre pourrait se r\u00e9sumer par une figuration d\u00e9riv\u00e9e du r\u00e9el et de l&#8217;imaginaire.La peinture me captive en tant que spectateur et acteur et m&#8217;offre un vaste [&hellip;]<\/p>\n","protected":false},"author":1,"featured_media":0,"parent":0,"menu_order":0,"comment_status":"closed","ping_status":"closed","template":"","meta":{"_et_pb_use_builder":"on","_et_pb_old_content":"","_et_gb_content_width":"","footnotes":""},"class_list":["post-1614","page","type-page","status-publish","hentry"],"yoast_head":"<!-- This site is optimized with the Yoast SEO plugin v27.5 - https:\/\/yoast.com\/product\/yoast-seo-wordpress\/ -->\n<title>biographie - Bernard Gout<\/title>\n<meta name=\"description\" content=\"artiste peintre \u00e0 Sainte Marie dans le d\u00e9partement des Pyr\u00e9nees orientales ,peintre figuratif ,muraliste, d\u00e9cors murals ,peinture artistique\" \/>\n<meta name=\"robots\" content=\"index, follow, max-snippet:-1, max-image-preview:large, max-video-preview:-1\" \/>\n<link rel=\"canonical\" href=\"https:\/\/bernardgout.fr\/index.php\/biographie-artiste-peintre-inscrit-a-la-maison-des-artistes-1978\/\" \/>\n<meta property=\"og:locale\" content=\"en_US\" \/>\n<meta property=\"og:type\" content=\"article\" \/>\n<meta property=\"og:title\" content=\"biographie - Bernard Gout\" \/>\n<meta property=\"og:description\" content=\"artiste peintre \u00e0 Sainte Marie dans le d\u00e9partement des Pyr\u00e9nees orientales ,peintre figuratif ,muraliste, d\u00e9cors murals ,peinture artistique\" \/>\n<meta property=\"og:url\" content=\"https:\/\/bernardgout.fr\/index.php\/biographie-artiste-peintre-inscrit-a-la-maison-des-artistes-1978\/\" \/>\n<meta property=\"og:site_name\" content=\"Bernard Gout\" \/>\n<meta property=\"article:modified_time\" content=\"2022-09-03T13:32:30+00:00\" \/>\n<meta name=\"twitter:card\" content=\"summary_large_image\" \/>\n<meta name=\"twitter:label1\" content=\"Est. reading time\" \/>\n\t<meta name=\"twitter:data1\" content=\"2 minutes\" \/>\n<script type=\"application\/ld+json\" class=\"yoast-schema-graph\">{\"@context\":\"https:\\\/\\\/schema.org\",\"@graph\":[{\"@type\":\"WebPage\",\"@id\":\"https:\\\/\\\/bernardgout.fr\\\/index.php\\\/biographie-artiste-peintre-inscrit-a-la-maison-des-artistes-1978\\\/\",\"url\":\"https:\\\/\\\/bernardgout.fr\\\/index.php\\\/biographie-artiste-peintre-inscrit-a-la-maison-des-artistes-1978\\\/\",\"name\":\"biographie - Bernard Gout\",\"isPartOf\":{\"@id\":\"https:\\\/\\\/bernardgout.fr\\\/#website\"},\"datePublished\":\"2022-08-29T12:45:00+00:00\",\"dateModified\":\"2022-09-03T13:32:30+00:00\",\"description\":\"artiste peintre \u00e0 Sainte Marie dans le d\u00e9partement des Pyr\u00e9nees orientales ,peintre figuratif ,muraliste, d\u00e9cors murals ,peinture artistique\",\"breadcrumb\":{\"@id\":\"https:\\\/\\\/bernardgout.fr\\\/index.php\\\/biographie-artiste-peintre-inscrit-a-la-maison-des-artistes-1978\\\/#breadcrumb\"},\"inLanguage\":\"en-US\",\"potentialAction\":[{\"@type\":\"ReadAction\",\"target\":[\"https:\\\/\\\/bernardgout.fr\\\/index.php\\\/biographie-artiste-peintre-inscrit-a-la-maison-des-artistes-1978\\\/\"]}]},{\"@type\":\"BreadcrumbList\",\"@id\":\"https:\\\/\\\/bernardgout.fr\\\/index.php\\\/biographie-artiste-peintre-inscrit-a-la-maison-des-artistes-1978\\\/#breadcrumb\",\"itemListElement\":[{\"@type\":\"ListItem\",\"position\":1,\"name\":\"Accueil\",\"item\":\"https:\\\/\\\/bernardgout.fr\\\/\"},{\"@type\":\"ListItem\",\"position\":2,\"name\":\"biographie\"}]},{\"@type\":\"WebSite\",\"@id\":\"https:\\\/\\\/bernardgout.fr\\\/#website\",\"url\":\"https:\\\/\\\/bernardgout.fr\\\/\",\"name\":\"Bernard Gout\",\"description\":\"Peintre\",\"potentialAction\":[{\"@type\":\"SearchAction\",\"target\":{\"@type\":\"EntryPoint\",\"urlTemplate\":\"https:\\\/\\\/bernardgout.fr\\\/?s={search_term_string}\"},\"query-input\":{\"@type\":\"PropertyValueSpecification\",\"valueRequired\":true,\"valueName\":\"search_term_string\"}}],\"inLanguage\":\"en-US\"}]}<\/script>\n<!-- \/ Yoast SEO plugin. -->","yoast_head_json":{"title":"biographie - Bernard Gout","description":"artiste peintre \u00e0 Sainte Marie dans le d\u00e9partement des Pyr\u00e9nees orientales ,peintre figuratif ,muraliste, d\u00e9cors murals ,peinture artistique","robots":{"index":"index","follow":"follow","max-snippet":"max-snippet:-1","max-image-preview":"max-image-preview:large","max-video-preview":"max-video-preview:-1"},"canonical":"https:\/\/bernardgout.fr\/index.php\/biographie-artiste-peintre-inscrit-a-la-maison-des-artistes-1978\/","og_locale":"en_US","og_type":"article","og_title":"biographie - Bernard Gout","og_description":"artiste peintre \u00e0 Sainte Marie dans le d\u00e9partement des Pyr\u00e9nees orientales ,peintre figuratif ,muraliste, d\u00e9cors murals ,peinture artistique","og_url":"https:\/\/bernardgout.fr\/index.php\/biographie-artiste-peintre-inscrit-a-la-maison-des-artistes-1978\/","og_site_name":"Bernard Gout","article_modified_time":"2022-09-03T13:32:30+00:00","twitter_card":"summary_large_image","twitter_misc":{"Est. reading time":"2 minutes"},"schema":{"@context":"https:\/\/schema.org","@graph":[{"@type":"WebPage","@id":"https:\/\/bernardgout.fr\/index.php\/biographie-artiste-peintre-inscrit-a-la-maison-des-artistes-1978\/","url":"https:\/\/bernardgout.fr\/index.php\/biographie-artiste-peintre-inscrit-a-la-maison-des-artistes-1978\/","name":"biographie - Bernard Gout","isPartOf":{"@id":"https:\/\/bernardgout.fr\/#website"},"datePublished":"2022-08-29T12:45:00+00:00","dateModified":"2022-09-03T13:32:30+00:00","description":"artiste peintre \u00e0 Sainte Marie dans le d\u00e9partement des Pyr\u00e9nees orientales ,peintre figuratif ,muraliste, d\u00e9cors murals ,peinture artistique","breadcrumb":{"@id":"https:\/\/bernardgout.fr\/index.php\/biographie-artiste-peintre-inscrit-a-la-maison-des-artistes-1978\/#breadcrumb"},"inLanguage":"en-US","potentialAction":[{"@type":"ReadAction","target":["https:\/\/bernardgout.fr\/index.php\/biographie-artiste-peintre-inscrit-a-la-maison-des-artistes-1978\/"]}]},{"@type":"BreadcrumbList","@id":"https:\/\/bernardgout.fr\/index.php\/biographie-artiste-peintre-inscrit-a-la-maison-des-artistes-1978\/#breadcrumb","itemListElement":[{"@type":"ListItem","position":1,"name":"Accueil","item":"https:\/\/bernardgout.fr\/"},{"@type":"ListItem","position":2,"name":"biographie"}]},{"@type":"WebSite","@id":"https:\/\/bernardgout.fr\/#website","url":"https:\/\/bernardgout.fr\/","name":"Bernard Gout","description":"Peintre","potentialAction":[{"@type":"SearchAction","target":{"@type":"EntryPoint","urlTemplate":"https:\/\/bernardgout.fr\/?s={search_term_string}"},"query-input":{"@type":"PropertyValueSpecification","valueRequired":true,"valueName":"search_term_string"}}],"inLanguage":"en-US"}]}},"_links":{"self":[{"href":"https:\/\/bernardgout.fr\/index.php\/wp-json\/wp\/v2\/pages\/1614","targetHints":{"allow":["GET"]}}],"collection":[{"href":"https:\/\/bernardgout.fr\/index.php\/wp-json\/wp\/v2\/pages"}],"about":[{"href":"https:\/\/bernardgout.fr\/index.php\/wp-json\/wp\/v2\/types\/page"}],"author":[{"embeddable":true,"href":"https:\/\/bernardgout.fr\/index.php\/wp-json\/wp\/v2\/users\/1"}],"replies":[{"embeddable":true,"href":"https:\/\/bernardgout.fr\/index.php\/wp-json\/wp\/v2\/comments?post=1614"}],"version-history":[{"count":5,"href":"https:\/\/bernardgout.fr\/index.php\/wp-json\/wp\/v2\/pages\/1614\/revisions"}],"predecessor-version":[{"id":1933,"href":"https:\/\/bernardgout.fr\/index.php\/wp-json\/wp\/v2\/pages\/1614\/revisions\/1933"}],"wp:attachment":[{"href":"https:\/\/bernardgout.fr\/index.php\/wp-json\/wp\/v2\/media?parent=1614"}],"curies":[{"name":"wp","href":"https:\/\/api.w.org\/{rel}","templated":true}]}}